{"id":2283,"date":"2025-02-16T21:33:37","date_gmt":"2025-02-16T20:33:37","guid":{"rendered":"https:\/\/fayssac.fr\/?page_id=2283"},"modified":"2025-02-16T21:51:06","modified_gmt":"2025-02-16T20:51:06","slug":"assainissement","status":"publish","type":"page","link":"https:\/\/fayssac.fr\/?page_id=2283","title":{"rendered":"Assainissement"},"content":{"rendered":"\t\t<div data-elementor-type=\"wp-page\" data-elementor-id=\"2283\" class=\"elementor elementor-2283\">\n\t\t\t\t\t\t\t\t\t<section class=\"elementor-section elementor-top-section elementor-element elementor-element-e5e9a0e elementor-section-boxed elementor-section-height-default elementor-section-height-default\" data-id=\"e5e9a0e\" data-element_type=\"section\" data-settings=\"{&quot;_ha_eqh_enable&quot;:false}\">\n\t\t\t\t\t\t<div class=\"elementor-container elementor-column-gap-default\">\n\t\t\t\t\t<div class=\"elementor-column elementor-col-100 elementor-top-column elementor-element elementor-element-01e6541\" data-id=\"01e6541\" data-element_type=\"column\">\n\t\t\t<div class=\"elementor-widget-wrap elementor-element-populated\">\n\t\t\t\t\t\t\t\t<div class=\"elementor-element elementor-element-e937823 elementor-widget elementor-widget-text-editor\" data-id=\"e937823\" data-element_type=\"widget\" data-widget_type=\"text-editor.default\">\n\t\t\t\t<div class=\"elementor-widget-container\">\n\t\t\t<style>\/*! elementor - v3.12.1 - 02-04-2023 *\/\n.elementor-widget-text-editor.elementor-drop-cap-view-stacked .elementor-drop-cap{background-color:#69727d;color:#fff}.elementor-widget-text-editor.elementor-drop-cap-view-framed .elementor-drop-cap{color:#69727d;border:3px solid;background-color:transparent}.elementor-widget-text-editor:not(.elementor-drop-cap-view-default) .elementor-drop-cap{margin-top:8px}.elementor-widget-text-editor:not(.elementor-drop-cap-view-default) .elementor-drop-cap-letter{width:1em;height:1em}.elementor-widget-text-editor .elementor-drop-cap{float:left;text-align:center;line-height:1;font-size:50px}.elementor-widget-text-editor .elementor-drop-cap-letter{display:inline-block}<\/style>\t\t\t\t<p>Cela faisait plus de 15 ans qu&#8217;un projet de mise aux normes de l&#8217;assainissement des b\u00e2timents municipaux \u00e9tait dans les cartons. Etaient concern\u00e9s la mairie, les appartements municipaux, et l&#8217;\u00e9cole. Cette derni\u00e8re \u00e9tant maintenant sous la tutelle de la communaut\u00e9 de l&#8217;agglom\u00e9ration Gaillac-Graulhet, c&#8217;est donc un projet commun qui a \u00e9t\u00e9 mis en place.<\/p><p>Le financement de l&#8217;op\u00e9ration a \u00e9t\u00e9 divis\u00e9e de la fa\u00e7on suivante :<br \/>\u00a0 \u00a0 &#8211; 1\/3 pour la mairie de Fayssac<br \/>\u00a0 \u00a0 &#8211; 2\/3 pour la communaut\u00e9 d&#8217;agglom\u00e9ration<\/p><p>Les travaux ont \u00e9t\u00e9 r\u00e9alis\u00e9s en juillet 2024 en p\u00e9riode de vacances scolaires, avec la cr\u00e9ation de tranch\u00e9es, la pose d&#8217;une microstation, et le busage des eaux propres pour l&#8217;\u00e9vacuation vers le milieu naturel.<\/p><p>\u00a0<\/p>\t\t\t\t\t\t<\/div>\n\t\t\t\t<\/div>\n\t\t\t\t\t<\/div>\n\t\t<\/div>\n\t\t\t\t\t\t\t<\/div>\n\t\t<\/section>\n\t\t\t\t<section class=\"elementor-section elementor-top-section elementor-element elementor-element-34ce148 elementor-section-boxed elementor-section-height-default elementor-section-height-default\" data-id=\"34ce148\" data-element_type=\"section\" data-settings=\"{&quot;_ha_eqh_enable&quot;:false}\">\n\t\t\t\t\t\t<div class=\"elementor-container elementor-column-gap-default\">\n\t\t\t\t\t<div class=\"elementor-column elementor-col-25 elementor-top-column elementor-element elementor-element-309bd16\" data-id=\"309bd16\" data-element_type=\"column\">\n\t\t\t<div class=\"elementor-widget-wrap elementor-element-populated\">\n\t\t\t\t\t\t\t\t<div class=\"elementor-element elementor-element-83fd48d elementor-widget elementor-widget-image\" data-id=\"83fd48d\" data-element_type=\"widget\" data-widget_type=\"image.default\">\n\t\t\t\t<div class=\"elementor-widget-container\">\n\t\t\t<style>\/*! elementor - v3.12.1 - 02-04-2023 *\/\n.elementor-widget-image{text-align:center}.elementor-widget-image a{display:inline-block}.elementor-widget-image a img[src$=\".svg\"]{width:48px}.elementor-widget-image img{vertical-align:middle;display:inline-block}<\/style>\t\t\t\t\t\t\t\t\t\t\t\t<img loading=\"lazy\" decoding=\"async\" width=\"1024\" height=\"768\" src=\"https:\/\/fayssac.fr\/wp-content\/uploads\/2025\/02\/IMG_6663-1024x768.jpeg\" class=\"attachment-large size-large wp-image-2287\" alt=\"\" srcset=\"https:\/\/fayssac.fr\/wp-content\/uploads\/2025\/02\/IMG_6663-1024x768.jpeg 1024w, https:\/\/fayssac.fr\/wp-content\/uploads\/2025\/02\/IMG_6663-300x225.jpeg 300w, https:\/\/fayssac.fr\/wp-content\/uploads\/2025\/02\/IMG_6663-768x576.jpeg 768w, https:\/\/fayssac.fr\/wp-content\/uploads\/2025\/02\/IMG_6663-1536x1152.jpeg 1536w, https:\/\/fayssac.fr\/wp-content\/uploads\/2025\/02\/IMG_6663-1130x848.jpeg 1130w, https:\/\/fayssac.fr\/wp-content\/uploads\/2025\/02\/IMG_6663-760x570.jpeg 760w, https:\/\/fayssac.fr\/wp-content\/uploads\/2025\/02\/IMG_6663.jpeg 2048w\" sizes=\"auto, (max-width: 1024px) 100vw, 1024px\" \/>\t\t\t\t\t\t\t\t\t\t\t\t\t\t\t<\/div>\n\t\t\t\t<\/div>\n\t\t\t\t\t<\/div>\n\t\t<\/div>\n\t\t\t\t<div class=\"elementor-column elementor-col-25 elementor-top-column elementor-element elementor-element-1dce975\" data-id=\"1dce975\" data-element_type=\"column\">\n\t\t\t<div class=\"elementor-widget-wrap elementor-element-populated\">\n\t\t\t\t\t\t\t\t<div class=\"elementor-element elementor-element-240665d elementor-widget elementor-widget-image\" data-id=\"240665d\" data-element_type=\"widget\" data-widget_type=\"image.default\">\n\t\t\t\t<div class=\"elementor-widget-container\">\n\t\t\t\t\t\t\t\t\t\t\t\t\t\t\t<img loading=\"lazy\" decoding=\"async\" width=\"398\" height=\"298\" src=\"https:\/\/fayssac.fr\/wp-content\/uploads\/2025\/02\/image0000051.jpg\" class=\"attachment-large size-large wp-image-2286\" alt=\"\" srcset=\"https:\/\/fayssac.fr\/wp-content\/uploads\/2025\/02\/image0000051.jpg 398w, https:\/\/fayssac.fr\/wp-content\/uploads\/2025\/02\/image0000051-300x225.jpg 300w\" sizes=\"auto, (max-width: 398px) 100vw, 398px\" \/>\t\t\t\t\t\t\t\t\t\t\t\t\t\t\t<\/div>\n\t\t\t\t<\/div>\n\t\t\t\t\t<\/div>\n\t\t<\/div>\n\t\t\t\t<div class=\"elementor-column elementor-col-25 elementor-top-column elementor-element elementor-element-2832df7\" data-id=\"2832df7\" data-element_type=\"column\">\n\t\t\t<div class=\"elementor-widget-wrap elementor-element-populated\">\n\t\t\t\t\t\t\t\t<div class=\"elementor-element elementor-element-18de840 elementor-widget elementor-widget-image\" data-id=\"18de840\" data-element_type=\"widget\" data-widget_type=\"image.default\">\n\t\t\t\t<div class=\"elementor-widget-container\">\n\t\t\t\t\t\t\t\t\t\t\t\t\t\t\t<img loading=\"lazy\" decoding=\"async\" width=\"541\" height=\"406\" src=\"https:\/\/fayssac.fr\/wp-content\/uploads\/2025\/02\/Resized_20240723_092931_1735988778309.jpg\" class=\"attachment-large size-large wp-image-2288\" alt=\"\" srcset=\"https:\/\/fayssac.fr\/wp-content\/uploads\/2025\/02\/Resized_20240723_092931_1735988778309.jpg 541w, https:\/\/fayssac.fr\/wp-content\/uploads\/2025\/02\/Resized_20240723_092931_1735988778309-300x225.jpg 300w\" sizes=\"auto, (max-width: 541px) 100vw, 541px\" \/>\t\t\t\t\t\t\t\t\t\t\t\t\t\t\t<\/div>\n\t\t\t\t<\/div>\n\t\t\t\t\t<\/div>\n\t\t<\/div>\n\t\t\t\t<div class=\"elementor-column elementor-col-25 elementor-top-column elementor-element elementor-element-6709f2d\" data-id=\"6709f2d\" data-element_type=\"column\">\n\t\t\t<div class=\"elementor-widget-wrap elementor-element-populated\">\n\t\t\t\t\t\t\t\t<div class=\"elementor-element elementor-element-f7006a0 elementor-widget elementor-widget-image\" data-id=\"f7006a0\" data-element_type=\"widget\" data-widget_type=\"image.default\">\n\t\t\t\t<div class=\"elementor-widget-container\">\n\t\t\t\t\t\t\t\t\t\t\t\t\t\t\t<img loading=\"lazy\" decoding=\"async\" width=\"1020\" height=\"765\" src=\"https:\/\/fayssac.fr\/wp-content\/uploads\/2025\/02\/Resized_20240723_092948_1735988776941.jpg\" class=\"attachment-large size-large wp-image-2289\" alt=\"\" srcset=\"https:\/\/fayssac.fr\/wp-content\/uploads\/2025\/02\/Resized_20240723_092948_1735988776941.jpg 1020w, https:\/\/fayssac.fr\/wp-content\/uploads\/2025\/02\/Resized_20240723_092948_1735988776941-300x225.jpg 300w, https:\/\/fayssac.fr\/wp-content\/uploads\/2025\/02\/Resized_20240723_092948_1735988776941-768x576.jpg 768w, https:\/\/fayssac.fr\/wp-content\/uploads\/2025\/02\/Resized_20240723_092948_1735988776941-760x570.jpg 760w\" sizes=\"auto, (max-width: 1020px) 100vw, 1020px\" \/>\t\t\t\t\t\t\t\t\t\t\t\t\t\t\t<\/div>\n\t\t\t\t<\/div>\n\t\t\t\t\t<\/div>\n\t\t<\/div>\n\t\t\t\t\t\t\t<\/div>\n\t\t<\/section>\n\t\t\t\t<section class=\"elementor-section elementor-top-section elementor-element elementor-element-bd902db elementor-section-boxed elementor-section-height-default elementor-section-height-default\" data-id=\"bd902db\" data-element_type=\"section\" data-settings=\"{&quot;_ha_eqh_enable&quot;:false}\">\n\t\t\t\t\t\t<div class=\"elementor-container elementor-column-gap-default\">\n\t\t\t\t\t<div class=\"elementor-column elementor-col-100 elementor-top-column elementor-element elementor-element-a7cde60\" data-id=\"a7cde60\" data-element_type=\"column\">\n\t\t\t<div class=\"elementor-widget-wrap elementor-element-populated\">\n\t\t\t\t\t\t\t\t<div class=\"elementor-element elementor-element-dfb1766 elementor-widget elementor-widget-image\" data-id=\"dfb1766\" data-element_type=\"widget\" data-widget_type=\"image.default\">\n\t\t\t\t<div class=\"elementor-widget-container\">\n\t\t\t\t\t\t\t\t\t\t\t\t\t\t\t<img loading=\"lazy\" decoding=\"async\" width=\"300\" height=\"117\" src=\"https:\/\/fayssac.fr\/wp-content\/uploads\/2025\/02\/AGGLO_logoCMJN-300x117.jpg\" class=\"attachment-medium size-medium wp-image-2290\" alt=\"\" srcset=\"https:\/\/fayssac.fr\/wp-content\/uploads\/2025\/02\/AGGLO_logoCMJN-300x117.jpg 300w, https:\/\/fayssac.fr\/wp-content\/uploads\/2025\/02\/AGGLO_logoCMJN-1024x398.jpg 1024w, https:\/\/fayssac.fr\/wp-content\/uploads\/2025\/02\/AGGLO_logoCMJN-768x298.jpg 768w, https:\/\/fayssac.fr\/wp-content\/uploads\/2025\/02\/AGGLO_logoCMJN-1536x597.jpg 1536w, https:\/\/fayssac.fr\/wp-content\/uploads\/2025\/02\/AGGLO_logoCMJN-2048x796.jpg 2048w, https:\/\/fayssac.fr\/wp-content\/uploads\/2025\/02\/AGGLO_logoCMJN-1130x439.jpg 1130w, https:\/\/fayssac.fr\/wp-content\/uploads\/2025\/02\/AGGLO_logoCMJN-760x295.jpg 760w\" sizes=\"auto, (max-width: 300px) 100vw, 300px\" \/>\t\t\t\t\t\t\t\t\t\t\t\t\t\t\t<\/div>\n\t\t\t\t<\/div>\n\t\t\t\t\t<\/div>\n\t\t<\/div>\n\t\t\t\t\t\t\t<\/div>\n\t\t<\/section>\n\t\t\t\t\t\t\t<\/div>\n\t\t","protected":false},"excerpt":{"rendered":"<p>Cela faisait plus de 15 ans qu&#8217;un projet de mise aux normes de l&#8217;assainissement des b\u00e2timents municipaux \u00e9tait dans les cartons. Etaient concern\u00e9s la mairie, les appartements municipaux, et l&#8217;\u00e9cole. Cette derni\u00e8re \u00e9tant maintenant sous la tutelle de la communaut\u00e9&#8230;<\/p>\n","protected":false},"author":1,"featured_media":0,"parent":0,"menu_order":0,"comment_status":"closed","ping_status":"closed","template":"","meta":{"footnotes":""},"class_list":["post-2283","page","type-page","status-publish","hentry"],"_links":{"self":[{"href":"https:\/\/fayssac.fr\/index.php?rest_route=\/wp\/v2\/pages\/2283","targetHints":{"allow":["GET"]}}],"collection":[{"href":"https:\/\/fayssac.fr\/index.php?rest_route=\/wp\/v2\/pages"}],"about":[{"href":"https:\/\/fayssac.fr\/index.php?rest_route=\/wp\/v2\/types\/page"}],"author":[{"embeddable":true,"href":"https:\/\/fayssac.fr\/index.php?rest_route=\/wp\/v2\/users\/1"}],"replies":[{"embeddable":true,"href":"https:\/\/fayssac.fr\/index.php?rest_route=%2Fwp%2Fv2%2Fcomments&post=2283"}],"version-history":[{"count":10,"href":"https:\/\/fayssac.fr\/index.php?rest_route=\/wp\/v2\/pages\/2283\/revisions"}],"predecessor-version":[{"id":2299,"href":"https:\/\/fayssac.fr\/index.php?rest_route=\/wp\/v2\/pages\/2283\/revisions\/2299"}],"wp:attachment":[{"href":"https:\/\/fayssac.fr\/index.php?rest_route=%2Fwp%2Fv2%2Fmedia&parent=2283"}],"curies":[{"name":"wp","href":"https:\/\/api.w.org\/{rel}","templated":true}]}}